{"id":75,"date":"2020-07-24T13:32:03","date_gmt":"2020-07-24T13:32:03","guid":{"rendered":"https:\/\/demosites.io\/digital-product-funnel-gb\/?page_id=75"},"modified":"2026-02-25T19:11:34","modified_gmt":"2026-02-25T18:11:34","slug":"65422-home","status":"publish","type":"page","link":"https:\/\/www.piscinaspoliesterlevante.com\/web\/","title":{"rendered":"Home"},"content":{"rendered":"\n<section id=\"wp-block-themeisle-blocks-advanced-columns-9f8848a6\" class=\"wp-block-themeisle-blocks-advanced-columns alignfull has-2-columns has-desktop-equal-layout has-tablet-equal-layout has-mobile-collapsedRows-layout has-vertical-center\"><div class=\"wp-block-themeisle-blocks-advanced-columns-overlay\"><\/div><div class=\"innerblocks-wrap\">\n<div id=\"wp-block-themeisle-blocks-advanced-column-cedf80ca\" class=\"wp-block-themeisle-blocks-advanced-column has-light-bg\">\n<div id=\"wp-block-themeisle-blocks-advanced-heading-7c732754\" class=\"wp-block-themeisle-blocks-advanced-heading wp-block-themeisle-blocks-advanced-heading-7c732754\"><strong>PISCINAS DE POLI\u00c9STER<\/strong><\/div>\n\n\n\n<div style=\"height:20px\" aria-hidden=\"true\" class=\"wp-block-spacer\"><\/div>\n\n\n\n<h1 id=\"wp-block-themeisle-blocks-advanced-heading-ddc7a054\" class=\"wp-block-themeisle-blocks-advanced-heading wp-block-themeisle-blocks-advanced-heading-ddc7a054\">Haz que tu casa sea especial con una de nuestras piscinas<\/h1>\n\n\n\n<div style=\"height:20px\" aria-hidden=\"true\" class=\"wp-block-spacer\"><\/div>\n\n\n\n<div class=\"wp-block-buttons is-layout-flex wp-block-buttons-is-layout-flex\">\n<div class=\"wp-block-button is-style-primary ticss-9f532e49\"><a class=\"wp-block-button__link wp-element-button\" href=\"\/web\/instalacion-piscina-poliester\/\">INSTALACI\u00d3N DE PISCINA<\/a><\/div>\n<\/div>\n<\/div>\n\n\n\n<div id=\"wp-block-themeisle-blocks-advanced-column-48eed1bc\" class=\"wp-block-themeisle-blocks-advanced-column\"><\/div>\n<\/div><\/section>\n\n\n\n<section id=\"wp-block-themeisle-blocks-advanced-columns-77caf5be\" class=\"wp-block-themeisle-blocks-advanced-columns alignfull has-1-columns has-desktop-equal-layout has-tablet-equal-layout has-mobile-equal-layout has-vertical-center has-dark-bg\"><div class=\"wp-block-themeisle-blocks-advanced-columns-overlay\"><\/div><div class=\"innerblocks-wrap\">\n<div id=\"wp-block-themeisle-blocks-advanced-column-e2704327\" class=\"wp-block-themeisle-blocks-advanced-column\">\n<section id=\"wp-block-themeisle-blocks-advanced-columns-bef010db\" class=\"wp-block-themeisle-blocks-advanced-columns has-3-columns has-desktop-equal-layout has-tablet-equal-layout has-mobile-collapsedRows-layout has-vertical-center\"><div class=\"wp-block-themeisle-blocks-advanced-columns-overlay\"><\/div><div class=\"innerblocks-wrap\">\n<div id=\"wp-block-themeisle-blocks-advanced-column-8c1f6c48\" class=\"wp-block-themeisle-blocks-advanced-column has-dark-bg\">\n<p class=\"wp-block-themeisle-blocks-font-awesome-icons\" id=\"wp-block-themeisle-blocks-font-awesome-icons-f2e18d1e\"><span class=\"wp-block-themeisle-blocks-font-awesome-icons-container\"><i class=\"far fa-calendar-check\"><\/i><\/span><\/p>\n\n\n\n<h3 class=\"wp-block-heading has-text-align-center has-nv-text-dark-bg-color has-text-color\">Rapidez<\/h3>\n\n\n\n<p class=\"has-text-align-center has-nv-text-dark-bg-color has-text-color has-normal-font-size\">5 d\u00edas de principio a fin<\/p>\n<\/div>\n\n\n\n<div id=\"wp-block-themeisle-blocks-advanced-column-380e5417\" class=\"wp-block-themeisle-blocks-advanced-column has-dark-bg\">\n<p class=\"wp-block-themeisle-blocks-font-awesome-icons\" id=\"wp-block-themeisle-blocks-font-awesome-icons-747c6a89\"><span class=\"wp-block-themeisle-blocks-font-awesome-icons-container\"><i class=\"fas fa-money-bill-wave\"><\/i><\/span><\/p>\n\n\n\n<h3 class=\"wp-block-heading has-text-align-center has-nv-text-dark-bg-color has-text-color\">Todo incluido<\/h3>\n\n\n\n<p class=\"has-text-align-center has-nv-text-dark-bg-color has-text-color has-normal-font-size\">Luces, escalones, bomba de agua y llenado. Toda la instalaci\u00f3n de fontaner\u00eda completa.<\/p>\n<\/div>\n\n\n\n<div id=\"wp-block-themeisle-blocks-advanced-column-984db777\" class=\"wp-block-themeisle-blocks-advanced-column has-dark-bg\">\n<p class=\"wp-block-themeisle-blocks-font-awesome-icons\" id=\"wp-block-themeisle-blocks-font-awesome-icons-837d39a7\"><span class=\"wp-block-themeisle-blocks-font-awesome-icons-container\"><i class=\"fas fa-swimming-pool\"><\/i><\/span><\/p>\n\n\n\n<h3 class=\"wp-block-heading has-text-align-center has-nv-text-dark-bg-color has-text-color\">Variedad de tama\u00f1os<\/h3>\n\n\n\n<p class=\"has-text-align-center has-nv-text-dark-bg-color has-text-color has-normal-font-size\">Desde 4,5 x 2,5 a 9 x 4.<br><a href=\"\/web\/modelos\"><span style=\"text-decoration: underline;\"><strong>Mira los modelos<\/strong><\/span><\/a>.<\/p>\n<\/div>\n<\/div><\/section>\n<\/div>\n<\/div><\/section>\n\n\n\n<section id=\"wp-block-themeisle-blocks-advanced-columns-de72ff39\" class=\"wp-block-themeisle-blocks-advanced-columns alignfull has-2-columns has-desktop-equal-layout has-tablet-equal-layout has-mobile-collapsedRows-layout has-vertical-center has-light-bg\"><div class=\"wp-block-themeisle-blocks-advanced-columns-overlay\"><\/div><div class=\"innerblocks-wrap\">\n<div id=\"wp-block-themeisle-blocks-advanced-column-41f6cecb\" class=\"wp-block-themeisle-blocks-advanced-column\">\n<figure class=\"wp-block-image size-large\"><img loading=\"lazy\" decoding=\"async\" width=\"1024\" height=\"768\" src=\"https:\/\/www.piscinaspoliesterlevante.com\/web\/wp-content\/uploads\/2021\/06\/quienes-somos-piscinas-poliester-levante-1024x768.jpg\" alt=\"\" class=\"wp-image-20\" srcset=\"https:\/\/www.piscinaspoliesterlevante.com\/web\/wp-content\/uploads\/2021\/06\/quienes-somos-piscinas-poliester-levante-1024x768.jpg 1024w, https:\/\/www.piscinaspoliesterlevante.com\/web\/wp-content\/uploads\/2021\/06\/quienes-somos-piscinas-poliester-levante-300x225.jpg 300w, https:\/\/www.piscinaspoliesterlevante.com\/web\/wp-content\/uploads\/2021\/06\/quienes-somos-piscinas-poliester-levante-768x576.jpg 768w, https:\/\/www.piscinaspoliesterlevante.com\/web\/wp-content\/uploads\/2021\/06\/quienes-somos-piscinas-poliester-levante.jpg 1440w\" sizes=\"auto, (max-width: 1024px) 100vw, 1024px\" \/><\/figure>\n\n\n\n<div id=\"wp-block-themeisle-blocks-advanced-columns-929919cf\" class=\"wp-block-themeisle-blocks-advanced-columns has-2-columns has-desktop-equal-layout has-tablet-equal-layout has-mobile-oneTwo-layout has-vertical-center\"><div class=\"wp-block-themeisle-blocks-advanced-columns-overlay\"><\/div><div class=\"innerblocks-wrap\">\n<div id=\"wp-block-themeisle-blocks-advanced-column-acac6d42\" class=\"wp-block-themeisle-blocks-advanced-column\"><\/div>\n\n\n\n<div id=\"wp-block-themeisle-blocks-advanced-column-b83378a3\" class=\"wp-block-themeisle-blocks-advanced-column\"><\/div>\n<\/div><\/div>\n<\/div>\n\n\n\n<div id=\"wp-block-themeisle-blocks-advanced-column-5af0a9d5\" class=\"wp-block-themeisle-blocks-advanced-column\">\n<div id=\"wp-block-themeisle-blocks-advanced-heading-b6575732\" class=\"wp-block-themeisle-blocks-advanced-heading wp-block-themeisle-blocks-advanced-heading-b6575732\">\u00bf<strong>QUIENES SOMOS?<\/strong><\/div>\n\n\n\n<h2 class=\"wp-block-heading has-text-align-left\">Piscinas de poli\u00e9ster levante<\/h2>\n\n\n\n<p>Somos una empresa dedicada a la construcci\u00f3n de piscinas de poli\u00e9ster. Nos encargamos de todo desde la excavaci\u00f3n hasta la instalaci\u00f3n el\u00e9ctrica y de fontaner\u00eda.<\/p>\n\n\n\n<p>Dejamos tu piscina totalmente terminada con piedra natural de coronaci\u00f3n. Por el espacio no te preocupes, tenemos maquinaria especial para sitios reducidos.<\/p>\n\n\n\n<p>La piscina de poli\u00e9ster es la mejor alternativa a la piscina de obra, son muy duraderas, resistentes y requieren menos mantenimiento que las piscinas tradicionales.&nbsp;<\/p>\n\n\n\n<p>Hay una amplia gama de modelos as\u00ed que seguro que encuentras el que se adapte a tus necesidades.<\/p>\n\n\n\n<p>\u00a1\u00a1Nos ocupamos de todo desde el principio hasta el final para que tu simplemente las disfrutes!!<\/p>\n<\/div>\n<\/div><\/section>\n\n\n\n<section id=\"wp-block-themeisle-blocks-advanced-columns-7e262355\" class=\"wp-block-themeisle-blocks-advanced-columns alignfull has-2-columns has-desktop-equal-layout has-tablet-equal-layout has-mobile-collapsedRows-layout has-vertical-center has-light-bg\"><div class=\"wp-block-themeisle-blocks-advanced-columns-overlay\"><\/div><div class=\"innerblocks-wrap\">\n<div id=\"wp-block-themeisle-blocks-advanced-column-7daa53ef\" class=\"wp-block-themeisle-blocks-advanced-column\">\n<div id=\"wp-block-themeisle-blocks-advanced-columns-0b8a7d6e\" class=\"wp-block-themeisle-blocks-advanced-columns has-2-columns has-desktop-equal-layout has-tablet-equal-layout has-mobile-oneTwo-layout has-vertical-center\"><div class=\"wp-block-themeisle-blocks-advanced-columns-overlay\"><\/div><div class=\"innerblocks-wrap\">\n<div id=\"wp-block-themeisle-blocks-advanced-column-d0d1935a\" class=\"wp-block-themeisle-blocks-advanced-column\"><\/div>\n\n\n\n<div id=\"wp-block-themeisle-blocks-advanced-column-214be2e0\" class=\"wp-block-themeisle-blocks-advanced-column\">\n<h2 class=\"wp-block-heading\">VENTAJAS DE TU PISCINA DE POLI\u00c9STER<\/h2>\n\n\n\n<p>\u2022&nbsp;&nbsp;&nbsp;&nbsp;&nbsp;&nbsp;&nbsp;&nbsp;&nbsp;&nbsp;El montaje va a ser muy r\u00e1pido.<\/p>\n\n\n\n<p>\u2022&nbsp;&nbsp;&nbsp;&nbsp;&nbsp;&nbsp;&nbsp;&nbsp;&nbsp;&nbsp;El mantenimiento y la limpieza son f\u00e1ciles.<\/p>\n\n\n\n<p>\u2022&nbsp;&nbsp;&nbsp;&nbsp;&nbsp;&nbsp;&nbsp;&nbsp;&nbsp;&nbsp;Tiene menos riesgo de agrietarse<\/p>\n\n\n\n<p>\u2022&nbsp;&nbsp;&nbsp;&nbsp;&nbsp;&nbsp;&nbsp;&nbsp;&nbsp;&nbsp;La relaci\u00f3n calidad-precio es excelente.<\/p>\n\n\n\n<p>\u2022&nbsp;&nbsp;&nbsp;&nbsp;&nbsp;&nbsp;&nbsp;&nbsp;&nbsp;&nbsp;Tiene mayor resistencia al clima<\/p>\n\n\n\n<p>\u2022&nbsp;&nbsp;&nbsp;&nbsp;&nbsp;&nbsp;&nbsp;&nbsp;&nbsp;&nbsp;Tendr\u00e1s mayor temperatura en el agua<\/p>\n\n\n\n<p>\u2022&nbsp;&nbsp;&nbsp;&nbsp;&nbsp;&nbsp;&nbsp;&nbsp;&nbsp;&nbsp;Garant\u00eda de 10 a\u00f1os de estanqueidad<\/p>\n<\/div>\n<\/div><\/div>\n<\/div>\n\n\n\n<div id=\"wp-block-themeisle-blocks-advanced-column-b4b8a5e0\" class=\"wp-block-themeisle-blocks-advanced-column\"><div class=\"wp-block-image\">\n<figure class=\"aligncenter size-large\"><img loading=\"lazy\" decoding=\"async\" width=\"1024\" height=\"683\" src=\"https:\/\/www.piscinaspoliesterlevante.com\/web\/wp-content\/uploads\/2026\/02\/piscinas-en-mazarron-1024x683.png\" alt=\"\" class=\"wp-image-467\" srcset=\"https:\/\/www.piscinaspoliesterlevante.com\/web\/wp-content\/uploads\/2026\/02\/piscinas-en-mazarron-1024x683.png 1024w, https:\/\/www.piscinaspoliesterlevante.com\/web\/wp-content\/uploads\/2026\/02\/piscinas-en-mazarron-300x200.png 300w, https:\/\/www.piscinaspoliesterlevante.com\/web\/wp-content\/uploads\/2026\/02\/piscinas-en-mazarron-768x512.png 768w, https:\/\/www.piscinaspoliesterlevante.com\/web\/wp-content\/uploads\/2026\/02\/piscinas-en-mazarron-930x620.png 930w, https:\/\/www.piscinaspoliesterlevante.com\/web\/wp-content\/uploads\/2026\/02\/piscinas-en-mazarron.png 1536w\" sizes=\"auto, (max-width: 1024px) 100vw, 1024px\" \/><\/figure>\n<\/div><\/div>\n<\/div><\/section>\n\n\n\n<section id=\"wp-block-themeisle-blocks-advanced-columns-0d958e15\" class=\"wp-block-themeisle-blocks-advanced-columns alignfull has-1-columns has-desktop-equal-layout has-tablet-equal-layout has-mobile-equal-layout has-vertical-center has-dark-bg\"><div class=\"wp-block-themeisle-blocks-advanced-columns-overlay\"><\/div><div class=\"innerblocks-wrap\">\n<div id=\"wp-block-themeisle-blocks-advanced-column-56b6a96e\" class=\"wp-block-themeisle-blocks-advanced-column\">\n<h2 class=\"wp-block-heading has-text-align-center has-nv-text-dark-bg-color has-text-color\">\u00bfTodav\u00eda sin piscina?<\/h2>\n\n\n\n<p class=\"has-text-align-center has-nv-text-dark-bg-color has-text-color\">Mira lo f\u00e1cil que es su instalaci\u00f3n y contacta con nosotros sin compromiso.<\/p>\n\n\n\n<div class=\"wp-block-buttons is-horizontal is-content-justification-center is-layout-flex wp-container-core-buttons-is-layout-499968f5 wp-block-buttons-is-layout-flex\">\n<div class=\"wp-block-button is-style-primary ticss-dc74eb27\"><a class=\"wp-block-button__link wp-element-button\" href=\"\/web\/instalacion-piscina-poliester\/\">INSTALACI\u00d3N DE PISCINA<\/a><\/div>\n<\/div>\n<\/div>\n<\/div><\/section>\n","protected":false},"excerpt":{"rendered":"","protected":false},"author":1,"featured_media":0,"parent":0,"menu_order":0,"comment_status":"closed","ping_status":"closed","template":"page-templates\/template-pagebuilder-full-width.php","meta":{"neve_meta_sidebar":"full-width","neve_meta_container":"","neve_meta_enable_content_width":"on","neve_meta_content_width":100,"neve_meta_title_alignment":"","neve_meta_author_avatar":"","neve_post_elements_order":"","neve_meta_disable_header":"","neve_meta_disable_footer":"","neve_meta_disable_title":"","neve_meta_reading_time":"","advanced_seo_description":"Piscinas de poliester. Instalamos tu piscina de poliester, todo incluido, en tan s\u00f3lo 5 d\u00edas. Muy resistentes y con bajo mantenimiento.","jetpack_seo_html_title":"","jetpack_seo_noindex":false,"_themeisle_gutenberg_block_has_review":false,"footnotes":""},"class_list":["post-75","page","type-page","status-publish","hentry"],"jetpack_sharing_enabled":true,"_links":{"self":[{"href":"https:\/\/www.piscinaspoliesterlevante.com\/web\/wp-json\/wp\/v2\/pages\/75","targetHints":{"allow":["GET"]}}],"collection":[{"href":"https:\/\/www.piscinaspoliesterlevante.com\/web\/wp-json\/wp\/v2\/pages"}],"about":[{"href":"https:\/\/www.piscinaspoliesterlevante.com\/web\/wp-json\/wp\/v2\/types\/page"}],"author":[{"embeddable":true,"href":"https:\/\/www.piscinaspoliesterlevante.com\/web\/wp-json\/wp\/v2\/users\/1"}],"replies":[{"embeddable":true,"href":"https:\/\/www.piscinaspoliesterlevante.com\/web\/wp-json\/wp\/v2\/comments?post=75"}],"version-history":[{"count":9,"href":"https:\/\/www.piscinaspoliesterlevante.com\/web\/wp-json\/wp\/v2\/pages\/75\/revisions"}],"predecessor-version":[{"id":468,"href":"https:\/\/www.piscinaspoliesterlevante.com\/web\/wp-json\/wp\/v2\/pages\/75\/revisions\/468"}],"wp:attachment":[{"href":"https:\/\/www.piscinaspoliesterlevante.com\/web\/wp-json\/wp\/v2\/media?parent=75"}],"curies":[{"name":"wp","href":"https:\/\/api.w.org\/{rel}","templated":true}]}}